{"id":1062,"date":"2021-11-12T16:05:05","date_gmt":"2021-11-12T15:05:05","guid":{"rendered":"https:\/\/www.gescosupply.com\/?page_id=1062"},"modified":"2021-11-12T16:05:05","modified_gmt":"2021-11-12T15:05:05","slug":"logistica","status":"publish","type":"page","link":"https:\/\/www.gescosupply.com\/es\/experiencias\/logistica\/","title":{"rendered":"Log\u00edstica"},"content":{"rendered":"<p>La log\u00edstica y la gesti\u00f3n de la cadena de suministro est\u00e1n en el centro de nuestras preocupaciones y de nuestro negocio.<\/p>\n<p>Nuestro equipo est\u00e1 formado por especialistas cuyas tareas diarias consisten en garantizar el buen funcionamiento y el seguimiento de esta cadena y la entrega de materiales y equipos.<\/p>\n<p>De hecho, como parte de nuestros procedimientos, todas las mercanc\u00edas que suministramos a nuestros clientes pasan sistem\u00e1ticamente por una de nuestras plataformas log\u00edsticas. Lo hacemos desde varias plataformas: en primer lugar desde nuestra sede principal en Saint Priest, pero tambi\u00e9n desde Houston y Shanghai.<\/p>\n<p>Recibimos, comprobamos, agrupamos y embalamos toda la mercanc\u00eda pedida por nuestros clientes desde estas plataformas.<\/p>\n<p>Los env\u00edos se realizan de acuerdo con los INCOTERMS 2020 definidos seg\u00fan las necesidades de nuestros clientes y socios.<\/p>\n<p>El envasado se realiza de acuerdo con las normas vigentes (SEI IV - NIMF15).<\/p>\n<p>Los medios de manipulaci\u00f3n y transporte se adaptan a la naturaleza de las mercanc\u00edas y a los deseos de nuestros clientes.<\/p>\n<p>Sea cual sea el lugar de origen de este material, nuestro procedimiento sigue siendo id\u00e9ntico.<\/p>\n<p>Este m\u00e9todo de funcionamiento nos permite tener un control total sobre esta cadena, y es tambi\u00e9n una garant\u00eda adicional de calidad que ofrecemos a nuestros socios al asegurar que el material se ajusta al pliego de condiciones, la calidad del embalaje y el respeto de las condiciones contractuales.<\/p>\n<p>Todas estas operaciones se organizan y realizan respetando las leyes y reglamentos que rigen el comercio internacional y los vigentes en el pa\u00eds de destino de las mercanc\u00edas.<\/p>\n<p><strong>Nuestro objetivo:<\/strong> cero litigios<br \/>\n<strong>Nuestra misi\u00f3n:<\/strong> satisfacerle.<\/p>\n","protected":false},"excerpt":{"rendered":"<p>La log\u00edstica y la gesti\u00f3n de la cadena de suministro est\u00e1n en el centro de nuestras preocupaciones y de nuestro negocio. Nuestro equipo est\u00e1 formado por especialistas cuyas tareas diarias consisten en garantizar el buen funcionamiento y el seguimiento de esta cadena y la entrega de materiales y equipos. De hecho, como parte de nuestros [&hellip;]<\/p>\n","protected":false},"author":4,"featured_media":1063,"parent":1058,"menu_order":3,"comment_status":"closed","ping_status":"closed","template":"","meta":{"_acf_changed":false,"footnotes":""},"class_list":["post-1062","page","type-page","status-publish","has-post-thumbnail","hentry"],"acf":[],"yoast_head":"<!-- This site is optimized with the Yoast SEO plugin v27.5 - https:\/\/yoast.com\/product\/yoast-seo-wordpress\/ -->\n<title>Log\u00edstica - Gesco<\/title>\n<meta name=\"robots\" content=\"index, follow, max-snippet:-1, max-image-preview:large, max-video-preview:-1\" \/>\n<link rel=\"canonical\" href=\"https:\/\/www.gescosupply.com\/es\/experiencias\/logistica\/\" \/>\n<meta property=\"og:locale\" content=\"es_ES\" \/>\n<meta property=\"og:type\" content=\"article\" \/>\n<meta property=\"og:title\" content=\"Log\u00edstica - Gesco\" \/>\n<meta property=\"og:description\" content=\"La log\u00edstica y la gesti\u00f3n de la cadena de suministro est\u00e1n en el centro de nuestras preocupaciones y de nuestro negocio. Nuestro equipo est\u00e1 formado por especialistas cuyas tareas diarias consisten en garantizar el buen funcionamiento y el seguimiento de esta cadena y la entrega de materiales y equipos. De hecho, como parte de nuestros [&hellip;]\" \/>\n<meta property=\"og:url\" content=\"https:\/\/www.gescosupply.com\/es\/experiencias\/logistica\/\" \/>\n<meta property=\"og:site_name\" content=\"Gesco\" \/>\n<meta property=\"og:image\" content=\"https:\/\/www.gescosupply.com\/wp-content\/uploads\/2020\/08\/logistique.png\" \/>\n\t<meta property=\"og:image:width\" content=\"1109\" \/>\n\t<meta property=\"og:image:height\" content=\"664\" \/>\n\t<meta property=\"og:image:type\" content=\"image\/png\" \/>\n<meta name=\"twitter:label1\" content=\"Tiempo de lectura\" \/>\n\t<meta name=\"twitter:data1\" content=\"2 minutos\" \/>\n<script type=\"application\/ld+json\" class=\"yoast-schema-graph\">{\"@context\":\"https:\\\/\\\/schema.org\",\"@graph\":[{\"@type\":\"WebPage\",\"@id\":\"https:\\\/\\\/www.gescosupply.com\\\/es\\\/experiencias\\\/logistica\\\/\",\"url\":\"https:\\\/\\\/www.gescosupply.com\\\/es\\\/experiencias\\\/logistica\\\/\",\"name\":\"Log\u00edstica - Gesco\",\"isPartOf\":{\"@id\":\"https:\\\/\\\/www.gescosupply.com\\\/#website\"},\"primaryImageOfPage\":{\"@id\":\"https:\\\/\\\/www.gescosupply.com\\\/es\\\/experiencias\\\/logistica\\\/#primaryimage\"},\"image\":{\"@id\":\"https:\\\/\\\/www.gescosupply.com\\\/es\\\/experiencias\\\/logistica\\\/#primaryimage\"},\"thumbnailUrl\":\"https:\\\/\\\/www.gescosupply.com\\\/wp-content\\\/uploads\\\/2020\\\/08\\\/logistique.png\",\"datePublished\":\"2021-11-12T15:05:05+00:00\",\"breadcrumb\":{\"@id\":\"https:\\\/\\\/www.gescosupply.com\\\/es\\\/experiencias\\\/logistica\\\/#breadcrumb\"},\"inLanguage\":\"es\",\"potentialAction\":[{\"@type\":\"ReadAction\",\"target\":[\"https:\\\/\\\/www.gescosupply.com\\\/es\\\/experiencias\\\/logistica\\\/\"]}]},{\"@type\":\"ImageObject\",\"inLanguage\":\"es\",\"@id\":\"https:\\\/\\\/www.gescosupply.com\\\/es\\\/experiencias\\\/logistica\\\/#primaryimage\",\"url\":\"https:\\\/\\\/www.gescosupply.com\\\/wp-content\\\/uploads\\\/2020\\\/08\\\/logistique.png\",\"contentUrl\":\"https:\\\/\\\/www.gescosupply.com\\\/wp-content\\\/uploads\\\/2020\\\/08\\\/logistique.png\",\"width\":1109,\"height\":664},{\"@type\":\"BreadcrumbList\",\"@id\":\"https:\\\/\\\/www.gescosupply.com\\\/es\\\/experiencias\\\/logistica\\\/#breadcrumb\",\"itemListElement\":[{\"@type\":\"ListItem\",\"position\":1,\"name\":\"Home\",\"item\":\"https:\\\/\\\/www.gescosupply.com\\\/es\\\/\"},{\"@type\":\"ListItem\",\"position\":2,\"name\":\"Experiencias\",\"item\":\"https:\\\/\\\/www.gescosupply.com\\\/es\\\/experiencias\\\/\"},{\"@type\":\"ListItem\",\"position\":3,\"name\":\"Log\u00edstica\"}]},{\"@type\":\"WebSite\",\"@id\":\"https:\\\/\\\/www.gescosupply.com\\\/#website\",\"url\":\"https:\\\/\\\/www.gescosupply.com\\\/\",\"name\":\"Gesco\",\"description\":\"Gesco supply inc\",\"potentialAction\":[{\"@type\":\"SearchAction\",\"target\":{\"@type\":\"EntryPoint\",\"urlTemplate\":\"https:\\\/\\\/www.gescosupply.com\\\/?s={search_term_string}\"},\"query-input\":{\"@type\":\"PropertyValueSpecification\",\"valueRequired\":true,\"valueName\":\"search_term_string\"}}],\"inLanguage\":\"es\"}]}<\/script>\n<!-- \/ Yoast SEO plugin. -->","yoast_head_json":{"title":"Log\u00edstica - Gesco","robots":{"index":"index","follow":"follow","max-snippet":"max-snippet:-1","max-image-preview":"max-image-preview:large","max-video-preview":"max-video-preview:-1"},"canonical":"https:\/\/www.gescosupply.com\/es\/experiencias\/logistica\/","og_locale":"es_ES","og_type":"article","og_title":"Log\u00edstica - Gesco","og_description":"La log\u00edstica y la gesti\u00f3n de la cadena de suministro est\u00e1n en el centro de nuestras preocupaciones y de nuestro negocio. Nuestro equipo est\u00e1 formado por especialistas cuyas tareas diarias consisten en garantizar el buen funcionamiento y el seguimiento de esta cadena y la entrega de materiales y equipos. De hecho, como parte de nuestros [&hellip;]","og_url":"https:\/\/www.gescosupply.com\/es\/experiencias\/logistica\/","og_site_name":"Gesco","og_image":[{"width":1109,"height":664,"url":"https:\/\/www.gescosupply.com\/wp-content\/uploads\/2020\/08\/logistique.png","type":"image\/png"}],"twitter_misc":{"Tiempo de lectura":"2 minutos"},"schema":{"@context":"https:\/\/schema.org","@graph":[{"@type":"WebPage","@id":"https:\/\/www.gescosupply.com\/es\/experiencias\/logistica\/","url":"https:\/\/www.gescosupply.com\/es\/experiencias\/logistica\/","name":"Log\u00edstica - Gesco","isPartOf":{"@id":"https:\/\/www.gescosupply.com\/#website"},"primaryImageOfPage":{"@id":"https:\/\/www.gescosupply.com\/es\/experiencias\/logistica\/#primaryimage"},"image":{"@id":"https:\/\/www.gescosupply.com\/es\/experiencias\/logistica\/#primaryimage"},"thumbnailUrl":"https:\/\/www.gescosupply.com\/wp-content\/uploads\/2020\/08\/logistique.png","datePublished":"2021-11-12T15:05:05+00:00","breadcrumb":{"@id":"https:\/\/www.gescosupply.com\/es\/experiencias\/logistica\/#breadcrumb"},"inLanguage":"es","potentialAction":[{"@type":"ReadAction","target":["https:\/\/www.gescosupply.com\/es\/experiencias\/logistica\/"]}]},{"@type":"ImageObject","inLanguage":"es","@id":"https:\/\/www.gescosupply.com\/es\/experiencias\/logistica\/#primaryimage","url":"https:\/\/www.gescosupply.com\/wp-content\/uploads\/2020\/08\/logistique.png","contentUrl":"https:\/\/www.gescosupply.com\/wp-content\/uploads\/2020\/08\/logistique.png","width":1109,"height":664},{"@type":"BreadcrumbList","@id":"https:\/\/www.gescosupply.com\/es\/experiencias\/logistica\/#breadcrumb","itemListElement":[{"@type":"ListItem","position":1,"name":"Home","item":"https:\/\/www.gescosupply.com\/es\/"},{"@type":"ListItem","position":2,"name":"Experiencias","item":"https:\/\/www.gescosupply.com\/es\/experiencias\/"},{"@type":"ListItem","position":3,"name":"Log\u00edstica"}]},{"@type":"WebSite","@id":"https:\/\/www.gescosupply.com\/#website","url":"https:\/\/www.gescosupply.com\/","name":"Gesco","description":"Gesco supply inc","potentialAction":[{"@type":"SearchAction","target":{"@type":"EntryPoint","urlTemplate":"https:\/\/www.gescosupply.com\/?s={search_term_string}"},"query-input":{"@type":"PropertyValueSpecification","valueRequired":true,"valueName":"search_term_string"}}],"inLanguage":"es"}]}},"_links":{"self":[{"href":"https:\/\/www.gescosupply.com\/es\/wp-json\/wp\/v2\/pages\/1062","targetHints":{"allow":["GET"]}}],"collection":[{"href":"https:\/\/www.gescosupply.com\/es\/wp-json\/wp\/v2\/pages"}],"about":[{"href":"https:\/\/www.gescosupply.com\/es\/wp-json\/wp\/v2\/types\/page"}],"author":[{"embeddable":true,"href":"https:\/\/www.gescosupply.com\/es\/wp-json\/wp\/v2\/users\/4"}],"replies":[{"embeddable":true,"href":"https:\/\/www.gescosupply.com\/es\/wp-json\/wp\/v2\/comments?post=1062"}],"version-history":[{"count":0,"href":"https:\/\/www.gescosupply.com\/es\/wp-json\/wp\/v2\/pages\/1062\/revisions"}],"up":[{"embeddable":true,"href":"https:\/\/www.gescosupply.com\/es\/wp-json\/wp\/v2\/pages\/1058"}],"wp:featuredmedia":[{"embeddable":true,"href":"https:\/\/www.gescosupply.com\/es\/wp-json\/wp\/v2\/media\/1063"}],"wp:attachment":[{"href":"https:\/\/www.gescosupply.com\/es\/wp-json\/wp\/v2\/media?parent=1062"}],"curies":[{"name":"wp","href":"https:\/\/api.w.org\/{rel}","templated":true}]}}