{"id":1058,"date":"2021-11-12T16:00:01","date_gmt":"2021-11-12T15:00:01","guid":{"rendered":"https:\/\/www.gescosupply.com\/?page_id=1058"},"modified":"2022-02-16T09:29:25","modified_gmt":"2022-02-16T08:29:25","slug":"experiencias","status":"publish","type":"page","link":"https:\/\/www.gescosupply.com\/es\/experiencias\/","title":{"rendered":"Experiencias"},"content":{"rendered":"<p>Gesco Supply Inc es su contacto privilegiado para el <strong>suministro y la exportaci\u00f3n de equipos t\u00e9cnicos en la industria de los fluidos<\/strong>.<\/p>\n<p>Nuestras diferentes plataformas log\u00edsticas y nuestros equipos est\u00e1n a su servicio para controlar, reunir, embalar y enviar las mercanc\u00edas seg\u00fan las necesidades y exigencias de nuestros clientes.<\/p>\n<p>Nuestras competencias t\u00e9cnicas, nuestra capacidad de reacci\u00f3n, as\u00ed como nuestro sentido del servicio son algunas de nuestras principales bazas.<\/p>\n<p>La satisfacci\u00f3n del cliente es nuestra m\u00e1xima prioridad.<\/p>\n<p>&nbsp;<\/p>\n<section class=\"SC-childpage_grid\">\r\n\t<a href=\"https:\/\/www.gescosupply.com\/es\/experiencias\/logistica\/\"><img loading=\"lazy\" decoding=\"async\" width=\"354\" height=\"361\" src=\"https:\/\/www.gescosupply.com\/wp-content\/uploads\/2020\/08\/logistique-355x362.png\" class=\"attachment-product size-product wp-post-image\" alt=\"\" \/><span>Log\u00edstica<\/span><\/a>\r\n\t<\/section>\n","protected":false},"excerpt":{"rendered":"<p>Gesco Supply Inc es su contacto privilegiado para el suministro y la exportaci\u00f3n de equipos t\u00e9cnicos en la industria de los fluidos. Nuestras diferentes plataformas log\u00edsticas y nuestros equipos est\u00e1n a su servicio para controlar, reunir, embalar y enviar las mercanc\u00edas seg\u00fan las necesidades y exigencias de nuestros clientes. Nuestras competencias t\u00e9cnicas, nuestra capacidad de [&hellip;]<\/p>\n","protected":false},"author":4,"featured_media":0,"parent":0,"menu_order":10,"comment_status":"closed","ping_status":"closed","template":"","meta":{"_acf_changed":false,"footnotes":""},"class_list":["post-1058","page","type-page","status-publish","hentry"],"acf":[],"yoast_head":"<!-- This site is optimized with the Yoast SEO plugin v27.5 - https:\/\/yoast.com\/product\/yoast-seo-wordpress\/ -->\n<title>Experiencias - Gesco<\/title>\n<meta name=\"robots\" content=\"index, follow, max-snippet:-1, max-image-preview:large, max-video-preview:-1\" \/>\n<link rel=\"canonical\" href=\"https:\/\/www.gescosupply.com\/es\/experiencias\/\" \/>\n<meta property=\"og:locale\" content=\"es_ES\" \/>\n<meta property=\"og:type\" content=\"article\" \/>\n<meta property=\"og:title\" content=\"Experiencias - Gesco\" \/>\n<meta property=\"og:description\" content=\"Gesco Supply Inc es su contacto privilegiado para el suministro y la exportaci\u00f3n de equipos t\u00e9cnicos en la industria de los fluidos. Nuestras diferentes plataformas log\u00edsticas y nuestros equipos est\u00e1n a su servicio para controlar, reunir, embalar y enviar las mercanc\u00edas seg\u00fan las necesidades y exigencias de nuestros clientes. Nuestras competencias t\u00e9cnicas, nuestra capacidad de [&hellip;]\" \/>\n<meta property=\"og:url\" content=\"https:\/\/www.gescosupply.com\/es\/experiencias\/\" \/>\n<meta property=\"og:site_name\" content=\"Gesco\" \/>\n<meta property=\"article:modified_time\" content=\"2022-02-16T08:29:25+00:00\" \/>\n<meta name=\"twitter:label1\" content=\"Tiempo de lectura\" \/>\n\t<meta name=\"twitter:data1\" content=\"1 minuto\" \/>\n<script type=\"application\/ld+json\" class=\"yoast-schema-graph\">{\"@context\":\"https:\\\/\\\/schema.org\",\"@graph\":[{\"@type\":\"WebPage\",\"@id\":\"https:\\\/\\\/www.gescosupply.com\\\/es\\\/experiencias\\\/\",\"url\":\"https:\\\/\\\/www.gescosupply.com\\\/es\\\/experiencias\\\/\",\"name\":\"Experiencias - Gesco\",\"isPartOf\":{\"@id\":\"https:\\\/\\\/www.gescosupply.com\\\/#website\"},\"datePublished\":\"2021-11-12T15:00:01+00:00\",\"dateModified\":\"2022-02-16T08:29:25+00:00\",\"breadcrumb\":{\"@id\":\"https:\\\/\\\/www.gescosupply.com\\\/es\\\/experiencias\\\/#breadcrumb\"},\"inLanguage\":\"es\",\"potentialAction\":[{\"@type\":\"ReadAction\",\"target\":[\"https:\\\/\\\/www.gescosupply.com\\\/es\\\/experiencias\\\/\"]}]},{\"@type\":\"BreadcrumbList\",\"@id\":\"https:\\\/\\\/www.gescosupply.com\\\/es\\\/experiencias\\\/#breadcrumb\",\"itemListElement\":[{\"@type\":\"ListItem\",\"position\":1,\"name\":\"Home\",\"item\":\"https:\\\/\\\/www.gescosupply.com\\\/es\\\/\"},{\"@type\":\"ListItem\",\"position\":2,\"name\":\"Experiencias\"}]},{\"@type\":\"WebSite\",\"@id\":\"https:\\\/\\\/www.gescosupply.com\\\/#website\",\"url\":\"https:\\\/\\\/www.gescosupply.com\\\/\",\"name\":\"Gesco\",\"description\":\"Gesco supply inc\",\"potentialAction\":[{\"@type\":\"SearchAction\",\"target\":{\"@type\":\"EntryPoint\",\"urlTemplate\":\"https:\\\/\\\/www.gescosupply.com\\\/?s={search_term_string}\"},\"query-input\":{\"@type\":\"PropertyValueSpecification\",\"valueRequired\":true,\"valueName\":\"search_term_string\"}}],\"inLanguage\":\"es\"}]}<\/script>\n<!-- \/ Yoast SEO plugin. -->","yoast_head_json":{"title":"Experiencias - Gesco","robots":{"index":"index","follow":"follow","max-snippet":"max-snippet:-1","max-image-preview":"max-image-preview:large","max-video-preview":"max-video-preview:-1"},"canonical":"https:\/\/www.gescosupply.com\/es\/experiencias\/","og_locale":"es_ES","og_type":"article","og_title":"Experiencias - Gesco","og_description":"Gesco Supply Inc es su contacto privilegiado para el suministro y la exportaci\u00f3n de equipos t\u00e9cnicos en la industria de los fluidos. Nuestras diferentes plataformas log\u00edsticas y nuestros equipos est\u00e1n a su servicio para controlar, reunir, embalar y enviar las mercanc\u00edas seg\u00fan las necesidades y exigencias de nuestros clientes. Nuestras competencias t\u00e9cnicas, nuestra capacidad de [&hellip;]","og_url":"https:\/\/www.gescosupply.com\/es\/experiencias\/","og_site_name":"Gesco","article_modified_time":"2022-02-16T08:29:25+00:00","twitter_misc":{"Tiempo de lectura":"1 minuto"},"schema":{"@context":"https:\/\/schema.org","@graph":[{"@type":"WebPage","@id":"https:\/\/www.gescosupply.com\/es\/experiencias\/","url":"https:\/\/www.gescosupply.com\/es\/experiencias\/","name":"Experiencias - Gesco","isPartOf":{"@id":"https:\/\/www.gescosupply.com\/#website"},"datePublished":"2021-11-12T15:00:01+00:00","dateModified":"2022-02-16T08:29:25+00:00","breadcrumb":{"@id":"https:\/\/www.gescosupply.com\/es\/experiencias\/#breadcrumb"},"inLanguage":"es","potentialAction":[{"@type":"ReadAction","target":["https:\/\/www.gescosupply.com\/es\/experiencias\/"]}]},{"@type":"BreadcrumbList","@id":"https:\/\/www.gescosupply.com\/es\/experiencias\/#breadcrumb","itemListElement":[{"@type":"ListItem","position":1,"name":"Home","item":"https:\/\/www.gescosupply.com\/es\/"},{"@type":"ListItem","position":2,"name":"Experiencias"}]},{"@type":"WebSite","@id":"https:\/\/www.gescosupply.com\/#website","url":"https:\/\/www.gescosupply.com\/","name":"Gesco","description":"Gesco supply inc","potentialAction":[{"@type":"SearchAction","target":{"@type":"EntryPoint","urlTemplate":"https:\/\/www.gescosupply.com\/?s={search_term_string}"},"query-input":{"@type":"PropertyValueSpecification","valueRequired":true,"valueName":"search_term_string"}}],"inLanguage":"es"}]}},"_links":{"self":[{"href":"https:\/\/www.gescosupply.com\/es\/wp-json\/wp\/v2\/pages\/1058","targetHints":{"allow":["GET"]}}],"collection":[{"href":"https:\/\/www.gescosupply.com\/es\/wp-json\/wp\/v2\/pages"}],"about":[{"href":"https:\/\/www.gescosupply.com\/es\/wp-json\/wp\/v2\/types\/page"}],"author":[{"embeddable":true,"href":"https:\/\/www.gescosupply.com\/es\/wp-json\/wp\/v2\/users\/4"}],"replies":[{"embeddable":true,"href":"https:\/\/www.gescosupply.com\/es\/wp-json\/wp\/v2\/comments?post=1058"}],"version-history":[{"count":0,"href":"https:\/\/www.gescosupply.com\/es\/wp-json\/wp\/v2\/pages\/1058\/revisions"}],"wp:attachment":[{"href":"https:\/\/www.gescosupply.com\/es\/wp-json\/wp\/v2\/media?parent=1058"}],"curies":[{"name":"wp","href":"https:\/\/api.w.org\/{rel}","templated":true}]}}