{"id":1055,"date":"2021-11-12T15:33:55","date_gmt":"2021-11-12T14:33:55","guid":{"rendered":"https:\/\/www.gescosupply.com\/?page_id=1055"},"modified":"2021-11-12T16:14:45","modified_gmt":"2021-11-12T15:14:45","slug":"logistica","status":"publish","type":"page","link":"https:\/\/www.gescosupply.com\/es\/logistica\/","title":{"rendered":"Log\u00edstica en Gesco Supply INC"},"content":{"rendered":"<p>La log\u00edstica y el SCM (Supply Chain Management) est\u00e1n en el centro de nuestras preocupaciones y negocios.<\/p>\n<p>Nuestro equipo est\u00e1 compuesto por expertos cuya misi\u00f3n cotidiana es asegurar el buen funcionamiento y seguimiento de esta cadena, as\u00ed como la buena entrega de las mercanc\u00edas y equipos.<\/p>\n<p>Recibimos, controlamos, recogemos, embalemos la totalidad de los bienes adquiridos por nuestros clientes.<\/p>\n<p>Los env\u00edos se realizan de acuerdo con los INCORTERMS 2020 definidos seg\u00fan las necesidades de nuestros clientes y socios.<\/p>\n<p>El embalaje se realiza seg\u00fan las normas vigentes (SEI IV - ISPM15).<\/p>\n<p>La manipulaci\u00f3n y el transporte se adaptan a la naturaleza de las mercanc\u00edas y a las exigencias de nuestros clientes.<\/p>\n<p>Independientemente del lugar de origen de las mercanc\u00edas, nuestros procedimientos siguen siendo los mismos.<\/p>\n<p>Este m\u00e9todo de operaci\u00f3n nos permite tener un control total de esta cadena. Es tambi\u00e9n una garant\u00eda de calidad que ofrecemos a nuestros socios asegurando la buena conformidad de los materiales, la calidad del embalaje y el respeto de los t\u00e9rminos contractuales.<\/p>\n<p>Todas estas operaciones se organizan y realizan de conformidad con las leyes y reglamentos relativos al comercio internacional y vigente en el pa\u00eds de destino de las mercanc\u00edas.<\/p>\n<p><strong>Nuestro objetivo:<\/strong> Cero litigios<br \/>\n<strong>Nuestra misi\u00f3n:<\/strong> Satisfacer las necesidades de nuestros clientes<\/p>\n","protected":false},"excerpt":{"rendered":"<p>La log\u00edstica y el SCM (Supply Chain Management) est\u00e1n en el centro de nuestras preocupaciones y negocios. Nuestro equipo est\u00e1 compuesto por expertos cuya misi\u00f3n cotidiana es asegurar el buen funcionamiento y seguimiento de esta cadena, as\u00ed como la buena entrega de las mercanc\u00edas y equipos. Recibimos, controlamos, recogemos, embalemos la totalidad de los bienes [&hellip;]<\/p>\n","protected":false},"author":4,"featured_media":0,"parent":0,"menu_order":10,"comment_status":"closed","ping_status":"closed","template":"","meta":{"_acf_changed":false,"footnotes":""},"class_list":["post-1055","page","type-page","status-publish","hentry"],"acf":[],"yoast_head":"<!-- This site is optimized with the Yoast SEO plugin v27.5 - https:\/\/yoast.com\/product\/yoast-seo-wordpress\/ -->\n<title>Log\u00edstica en Gesco Supply INC - Gesco<\/title>\n<meta name=\"robots\" content=\"index, follow, max-snippet:-1, max-image-preview:large, max-video-preview:-1\" \/>\n<link rel=\"canonical\" href=\"https:\/\/www.gescosupply.com\/es\/logistica\/\" \/>\n<meta property=\"og:locale\" content=\"es_ES\" \/>\n<meta property=\"og:type\" content=\"article\" \/>\n<meta property=\"og:title\" content=\"Log\u00edstica en Gesco Supply INC - Gesco\" \/>\n<meta property=\"og:description\" content=\"La log\u00edstica y el SCM (Supply Chain Management) est\u00e1n en el centro de nuestras preocupaciones y negocios. Nuestro equipo est\u00e1 compuesto por expertos cuya misi\u00f3n cotidiana es asegurar el buen funcionamiento y seguimiento de esta cadena, as\u00ed como la buena entrega de las mercanc\u00edas y equipos. Recibimos, controlamos, recogemos, embalemos la totalidad de los bienes [&hellip;]\" \/>\n<meta property=\"og:url\" content=\"https:\/\/www.gescosupply.com\/es\/logistica\/\" \/>\n<meta property=\"og:site_name\" content=\"Gesco\" \/>\n<meta property=\"article:modified_time\" content=\"2021-11-12T15:14:45+00:00\" \/>\n<meta name=\"twitter:label1\" content=\"Tiempo de lectura\" \/>\n\t<meta name=\"twitter:data1\" content=\"1 minuto\" \/>\n<script type=\"application\/ld+json\" class=\"yoast-schema-graph\">{\"@context\":\"https:\\\/\\\/schema.org\",\"@graph\":[{\"@type\":\"WebPage\",\"@id\":\"https:\\\/\\\/www.gescosupply.com\\\/es\\\/logistica\\\/\",\"url\":\"https:\\\/\\\/www.gescosupply.com\\\/es\\\/logistica\\\/\",\"name\":\"Log\u00edstica en Gesco Supply INC - Gesco\",\"isPartOf\":{\"@id\":\"https:\\\/\\\/www.gescosupply.com\\\/#website\"},\"datePublished\":\"2021-11-12T14:33:55+00:00\",\"dateModified\":\"2021-11-12T15:14:45+00:00\",\"breadcrumb\":{\"@id\":\"https:\\\/\\\/www.gescosupply.com\\\/es\\\/logistica\\\/#breadcrumb\"},\"inLanguage\":\"es\",\"potentialAction\":[{\"@type\":\"ReadAction\",\"target\":[\"https:\\\/\\\/www.gescosupply.com\\\/es\\\/logistica\\\/\"]}]},{\"@type\":\"BreadcrumbList\",\"@id\":\"https:\\\/\\\/www.gescosupply.com\\\/es\\\/logistica\\\/#breadcrumb\",\"itemListElement\":[{\"@type\":\"ListItem\",\"position\":1,\"name\":\"Home\",\"item\":\"https:\\\/\\\/www.gescosupply.com\\\/es\\\/\"},{\"@type\":\"ListItem\",\"position\":2,\"name\":\"Log\u00edstica en Gesco Supply INC\"}]},{\"@type\":\"WebSite\",\"@id\":\"https:\\\/\\\/www.gescosupply.com\\\/#website\",\"url\":\"https:\\\/\\\/www.gescosupply.com\\\/\",\"name\":\"Gesco\",\"description\":\"Gesco supply inc\",\"potentialAction\":[{\"@type\":\"SearchAction\",\"target\":{\"@type\":\"EntryPoint\",\"urlTemplate\":\"https:\\\/\\\/www.gescosupply.com\\\/?s={search_term_string}\"},\"query-input\":{\"@type\":\"PropertyValueSpecification\",\"valueRequired\":true,\"valueName\":\"search_term_string\"}}],\"inLanguage\":\"es\"}]}<\/script>\n<!-- \/ Yoast SEO plugin. -->","yoast_head_json":{"title":"Log\u00edstica en Gesco Supply INC - Gesco","robots":{"index":"index","follow":"follow","max-snippet":"max-snippet:-1","max-image-preview":"max-image-preview:large","max-video-preview":"max-video-preview:-1"},"canonical":"https:\/\/www.gescosupply.com\/es\/logistica\/","og_locale":"es_ES","og_type":"article","og_title":"Log\u00edstica en Gesco Supply INC - Gesco","og_description":"La log\u00edstica y el SCM (Supply Chain Management) est\u00e1n en el centro de nuestras preocupaciones y negocios. Nuestro equipo est\u00e1 compuesto por expertos cuya misi\u00f3n cotidiana es asegurar el buen funcionamiento y seguimiento de esta cadena, as\u00ed como la buena entrega de las mercanc\u00edas y equipos. Recibimos, controlamos, recogemos, embalemos la totalidad de los bienes [&hellip;]","og_url":"https:\/\/www.gescosupply.com\/es\/logistica\/","og_site_name":"Gesco","article_modified_time":"2021-11-12T15:14:45+00:00","twitter_misc":{"Tiempo de lectura":"1 minuto"},"schema":{"@context":"https:\/\/schema.org","@graph":[{"@type":"WebPage","@id":"https:\/\/www.gescosupply.com\/es\/logistica\/","url":"https:\/\/www.gescosupply.com\/es\/logistica\/","name":"Log\u00edstica en Gesco Supply INC - Gesco","isPartOf":{"@id":"https:\/\/www.gescosupply.com\/#website"},"datePublished":"2021-11-12T14:33:55+00:00","dateModified":"2021-11-12T15:14:45+00:00","breadcrumb":{"@id":"https:\/\/www.gescosupply.com\/es\/logistica\/#breadcrumb"},"inLanguage":"es","potentialAction":[{"@type":"ReadAction","target":["https:\/\/www.gescosupply.com\/es\/logistica\/"]}]},{"@type":"BreadcrumbList","@id":"https:\/\/www.gescosupply.com\/es\/logistica\/#breadcrumb","itemListElement":[{"@type":"ListItem","position":1,"name":"Home","item":"https:\/\/www.gescosupply.com\/es\/"},{"@type":"ListItem","position":2,"name":"Log\u00edstica en Gesco Supply INC"}]},{"@type":"WebSite","@id":"https:\/\/www.gescosupply.com\/#website","url":"https:\/\/www.gescosupply.com\/","name":"Gesco","description":"Gesco supply inc","potentialAction":[{"@type":"SearchAction","target":{"@type":"EntryPoint","urlTemplate":"https:\/\/www.gescosupply.com\/?s={search_term_string}"},"query-input":{"@type":"PropertyValueSpecification","valueRequired":true,"valueName":"search_term_string"}}],"inLanguage":"es"}]}},"_links":{"self":[{"href":"https:\/\/www.gescosupply.com\/es\/wp-json\/wp\/v2\/pages\/1055","targetHints":{"allow":["GET"]}}],"collection":[{"href":"https:\/\/www.gescosupply.com\/es\/wp-json\/wp\/v2\/pages"}],"about":[{"href":"https:\/\/www.gescosupply.com\/es\/wp-json\/wp\/v2\/types\/page"}],"author":[{"embeddable":true,"href":"https:\/\/www.gescosupply.com\/es\/wp-json\/wp\/v2\/users\/4"}],"replies":[{"embeddable":true,"href":"https:\/\/www.gescosupply.com\/es\/wp-json\/wp\/v2\/comments?post=1055"}],"version-history":[{"count":0,"href":"https:\/\/www.gescosupply.com\/es\/wp-json\/wp\/v2\/pages\/1055\/revisions"}],"wp:attachment":[{"href":"https:\/\/www.gescosupply.com\/es\/wp-json\/wp\/v2\/media?parent=1055"}],"curies":[{"name":"wp","href":"https:\/\/api.w.org\/{rel}","templated":true}]}}