{"id":1053,"date":"2021-11-12T15:31:14","date_gmt":"2021-11-12T14:31:14","guid":{"rendered":"https:\/\/www.gescosupply.com\/?page_id=1053"},"modified":"2021-11-12T15:31:14","modified_gmt":"2021-11-12T14:31:14","slug":"presentacion","status":"publish","type":"page","link":"https:\/\/www.gescosupply.com\/es\/presentacion\/","title":{"rendered":"PRESENTACI\u00d3N"},"content":{"rendered":"<h3>GESCO SUPPLY INC un grupo industrial americano independiente.<\/h3>\n<p>Nuestra misi\u00f3n: vender productos t\u00e9cnicos a nivel internacional y facilitar a nuestros clientes el proceso de abastecimiento.<br \/>\nEspecializados en el abastecimiento de equipos para la industria de los fluidos, operamos exclusivamente (100%) en las \u00e1reas de exportaci\u00f3n.<br \/>\nOperamos en 3 grandes sectores: Petr\u00f3leo y Gas, Industria (especialmente la industria agroalimentaria) y Minas.<br \/>\nGracias a nuestra base de datos de proveedores, a una fuerte experiencia y a un vasto conocimiento t\u00e9cnico industrial (bombeo, grifer\u00eda, tuber\u00eda, mec\u00e1nica, soldadura, calderer\u00eda, seguridad contra incendios, etc.), comercializamos y exportamos de forma global (agrupaci\u00f3n de diversos equipos), soluciones t\u00e9cnicas y espec\u00edficas para las industrias de transporte de fluidos.<br \/>\nTambi\u00e9n dise\u00f1amos y fabricamos plantas a medida, definidas seg\u00fan las necesidades de nuestros clientes (pat\u00edn de bombeo, pat\u00edn de aire comprimido, bomba de incendio, grupo electr\u00f3geno offshore y de alta potencia, etc.).<br \/>\nNuestras diferentes plataformas log\u00edsticas y nuestros equipos est\u00e1n a nuestra disposici\u00f3n para controlar, recoger, embalar y enviar las mercanc\u00edas seg\u00fan las necesidades y requisitos de nuestros clientes.<br \/>\nGestionamos el SCM desde la f\u00e1brica hasta el emplazamiento industrial donde se instala el material.<br \/>\nNuestras competencias t\u00e9cnicas, nuestra reactividad y nuestro sentido del servicio forman parte de nuestras principales fuerzas.<\/p>\n<hr \/>\n<h3>GESCO SUPPLY\u00a0INC \u00a1hacer bien y darlo a conocer!<\/h3>\n<p><em><img loading=\"lazy\" decoding=\"async\" class=\"size-medium wp-image-479 alignleft\" src=\"https:\/\/www.gescosupply.com\/wp-content\/uploads\/2020\/08\/logistique-490x293.png\" alt=\"\" width=\"490\" height=\"293\" srcset=\"https:\/\/www.gescosupply.com\/wp-content\/uploads\/2020\/08\/logistique-490x293.png 490w, https:\/\/www.gescosupply.com\/wp-content\/uploads\/2020\/08\/logistique-768x460.png 768w, https:\/\/www.gescosupply.com\/wp-content\/uploads\/2020\/08\/logistique-341x204.png 341w, https:\/\/www.gescosupply.com\/wp-content\/uploads\/2020\/08\/logistique.png 1109w\" sizes=\"auto, (max-width: 490px) 100vw, 490px\" \/>Especialista en exportaci\u00f3n internacional<br \/>\n<\/em><\/p>\n<p>Especialistas, con una larga experiencia en la distribuci\u00f3n y fabricaci\u00f3n de productos de calidad. Gesco Supply Inc le ofrece una amplia gama de productos seleccionados seg\u00fan sus necesidades.<\/p>\n<p>Aseguramos la agrupaci\u00f3n y el control de los suministros con el fin de simplificar su adquisici\u00f3n, as\u00ed como la entrega de sus pedidos.<\/p>\n<p>Con el apoyo de sus principales redes bancarias internacionales, Gesco Supply Inc cuenta con un departamento especializado en operaciones de financiaci\u00f3n de exportaciones.<\/p>\n<p>&nbsp;<\/p>\n<hr \/>\n<h3>GESCO SUPPLY\u00a0INC un grupo presente en todo el mundo!<\/h3>\n<p><img loading=\"lazy\" decoding=\"async\" class=\"size-medium wp-image-480 alignleft\" src=\"https:\/\/www.gescosupply.com\/wp-content\/uploads\/2020\/08\/world-sites-490x244.png\" alt=\"\" width=\"490\" height=\"244\" srcset=\"https:\/\/www.gescosupply.com\/wp-content\/uploads\/2020\/08\/world-sites-490x244.png 490w, https:\/\/www.gescosupply.com\/wp-content\/uploads\/2020\/08\/world-sites-400x199.png 400w, https:\/\/www.gescosupply.com\/wp-content\/uploads\/2020\/08\/world-sites.png 702w\" sizes=\"auto, (max-width: 490px) 100vw, 490px\" \/><\/p>\n<p>Estamos presentes en diferentes pa\u00edses:<\/p>\n<ul style=\"column-count: 2;\">\n<li>Burkina Faso<\/li>\n<li>Cameroon<\/li>\n<li>Gabon<\/li>\n<li>Democratic Republic of Congo<\/li>\n<li>Congo<\/li>\n<li>Angola<\/li>\n<li>Mexico<\/li>\n<\/ul>\n","protected":false},"excerpt":{"rendered":"<p>GESCO SUPPLY INC un grupo industrial americano independiente. Nuestra misi\u00f3n: vender productos t\u00e9cnicos a nivel internacional y facilitar a nuestros clientes el proceso de abastecimiento. Especializados en el abastecimiento de equipos para la industria de los fluidos, operamos exclusivamente (100%) en las \u00e1reas de exportaci\u00f3n. Operamos en 3 grandes sectores: Petr\u00f3leo y Gas, Industria (especialmente [&hellip;]<\/p>\n","protected":false},"author":4,"featured_media":0,"parent":0,"menu_order":9,"comment_status":"closed","ping_status":"closed","template":"","meta":{"_acf_changed":false,"footnotes":""},"class_list":["post-1053","page","type-page","status-publish","hentry"],"acf":[],"yoast_head":"<!-- This site is optimized with the Yoast SEO plugin v27.5 - https:\/\/yoast.com\/product\/yoast-seo-wordpress\/ -->\n<title>PRESENTACI\u00d3N - Gesco<\/title>\n<meta name=\"robots\" content=\"index, follow, max-snippet:-1, max-image-preview:large, max-video-preview:-1\" \/>\n<link rel=\"canonical\" href=\"https:\/\/www.gescosupply.com\/es\/presentacion\/\" \/>\n<meta property=\"og:locale\" content=\"es_ES\" \/>\n<meta property=\"og:type\" content=\"article\" \/>\n<meta property=\"og:title\" content=\"PRESENTACI\u00d3N - Gesco\" \/>\n<meta property=\"og:description\" content=\"GESCO SUPPLY INC un grupo industrial americano independiente. Nuestra misi\u00f3n: vender productos t\u00e9cnicos a nivel internacional y facilitar a nuestros clientes el proceso de abastecimiento. Especializados en el abastecimiento de equipos para la industria de los fluidos, operamos exclusivamente (100%) en las \u00e1reas de exportaci\u00f3n. Operamos en 3 grandes sectores: Petr\u00f3leo y Gas, Industria (especialmente [&hellip;]\" \/>\n<meta property=\"og:url\" content=\"https:\/\/www.gescosupply.com\/es\/presentacion\/\" \/>\n<meta property=\"og:site_name\" content=\"Gesco\" \/>\n<meta property=\"og:image\" content=\"https:\/\/www.gescosupply.com\/wp-content\/uploads\/2020\/08\/logistique-490x293.png\" \/>\n<meta name=\"twitter:label1\" content=\"Tiempo de lectura\" \/>\n\t<meta name=\"twitter:data1\" content=\"2 minutos\" \/>\n<script type=\"application\/ld+json\" class=\"yoast-schema-graph\">{\"@context\":\"https:\\\/\\\/schema.org\",\"@graph\":[{\"@type\":\"WebPage\",\"@id\":\"https:\\\/\\\/www.gescosupply.com\\\/es\\\/presentacion\\\/\",\"url\":\"https:\\\/\\\/www.gescosupply.com\\\/es\\\/presentacion\\\/\",\"name\":\"PRESENTACI\u00d3N - Gesco\",\"isPartOf\":{\"@id\":\"https:\\\/\\\/www.gescosupply.com\\\/#website\"},\"primaryImageOfPage\":{\"@id\":\"https:\\\/\\\/www.gescosupply.com\\\/es\\\/presentacion\\\/#primaryimage\"},\"image\":{\"@id\":\"https:\\\/\\\/www.gescosupply.com\\\/es\\\/presentacion\\\/#primaryimage\"},\"thumbnailUrl\":\"https:\\\/\\\/www.gescosupply.com\\\/wp-content\\\/uploads\\\/2020\\\/08\\\/logistique-490x293.png\",\"datePublished\":\"2021-11-12T14:31:14+00:00\",\"breadcrumb\":{\"@id\":\"https:\\\/\\\/www.gescosupply.com\\\/es\\\/presentacion\\\/#breadcrumb\"},\"inLanguage\":\"es\",\"potentialAction\":[{\"@type\":\"ReadAction\",\"target\":[\"https:\\\/\\\/www.gescosupply.com\\\/es\\\/presentacion\\\/\"]}]},{\"@type\":\"ImageObject\",\"inLanguage\":\"es\",\"@id\":\"https:\\\/\\\/www.gescosupply.com\\\/es\\\/presentacion\\\/#primaryimage\",\"url\":\"https:\\\/\\\/www.gescosupply.com\\\/wp-content\\\/uploads\\\/2020\\\/08\\\/logistique-490x293.png\",\"contentUrl\":\"https:\\\/\\\/www.gescosupply.com\\\/wp-content\\\/uploads\\\/2020\\\/08\\\/logistique-490x293.png\"},{\"@type\":\"BreadcrumbList\",\"@id\":\"https:\\\/\\\/www.gescosupply.com\\\/es\\\/presentacion\\\/#breadcrumb\",\"itemListElement\":[{\"@type\":\"ListItem\",\"position\":1,\"name\":\"Home\",\"item\":\"https:\\\/\\\/www.gescosupply.com\\\/es\\\/\"},{\"@type\":\"ListItem\",\"position\":2,\"name\":\"PRESENTACI\u00d3N\"}]},{\"@type\":\"WebSite\",\"@id\":\"https:\\\/\\\/www.gescosupply.com\\\/#website\",\"url\":\"https:\\\/\\\/www.gescosupply.com\\\/\",\"name\":\"Gesco\",\"description\":\"Gesco supply inc\",\"potentialAction\":[{\"@type\":\"SearchAction\",\"target\":{\"@type\":\"EntryPoint\",\"urlTemplate\":\"https:\\\/\\\/www.gescosupply.com\\\/?s={search_term_string}\"},\"query-input\":{\"@type\":\"PropertyValueSpecification\",\"valueRequired\":true,\"valueName\":\"search_term_string\"}}],\"inLanguage\":\"es\"}]}<\/script>\n<!-- \/ Yoast SEO plugin. -->","yoast_head_json":{"title":"PRESENTACI\u00d3N - Gesco","robots":{"index":"index","follow":"follow","max-snippet":"max-snippet:-1","max-image-preview":"max-image-preview:large","max-video-preview":"max-video-preview:-1"},"canonical":"https:\/\/www.gescosupply.com\/es\/presentacion\/","og_locale":"es_ES","og_type":"article","og_title":"PRESENTACI\u00d3N - Gesco","og_description":"GESCO SUPPLY INC un grupo industrial americano independiente. Nuestra misi\u00f3n: vender productos t\u00e9cnicos a nivel internacional y facilitar a nuestros clientes el proceso de abastecimiento. Especializados en el abastecimiento de equipos para la industria de los fluidos, operamos exclusivamente (100%) en las \u00e1reas de exportaci\u00f3n. Operamos en 3 grandes sectores: Petr\u00f3leo y Gas, Industria (especialmente [&hellip;]","og_url":"https:\/\/www.gescosupply.com\/es\/presentacion\/","og_site_name":"Gesco","og_image":[{"url":"https:\/\/www.gescosupply.com\/wp-content\/uploads\/2020\/08\/logistique-490x293.png","type":"","width":"","height":""}],"twitter_misc":{"Tiempo de lectura":"2 minutos"},"schema":{"@context":"https:\/\/schema.org","@graph":[{"@type":"WebPage","@id":"https:\/\/www.gescosupply.com\/es\/presentacion\/","url":"https:\/\/www.gescosupply.com\/es\/presentacion\/","name":"PRESENTACI\u00d3N - Gesco","isPartOf":{"@id":"https:\/\/www.gescosupply.com\/#website"},"primaryImageOfPage":{"@id":"https:\/\/www.gescosupply.com\/es\/presentacion\/#primaryimage"},"image":{"@id":"https:\/\/www.gescosupply.com\/es\/presentacion\/#primaryimage"},"thumbnailUrl":"https:\/\/www.gescosupply.com\/wp-content\/uploads\/2020\/08\/logistique-490x293.png","datePublished":"2021-11-12T14:31:14+00:00","breadcrumb":{"@id":"https:\/\/www.gescosupply.com\/es\/presentacion\/#breadcrumb"},"inLanguage":"es","potentialAction":[{"@type":"ReadAction","target":["https:\/\/www.gescosupply.com\/es\/presentacion\/"]}]},{"@type":"ImageObject","inLanguage":"es","@id":"https:\/\/www.gescosupply.com\/es\/presentacion\/#primaryimage","url":"https:\/\/www.gescosupply.com\/wp-content\/uploads\/2020\/08\/logistique-490x293.png","contentUrl":"https:\/\/www.gescosupply.com\/wp-content\/uploads\/2020\/08\/logistique-490x293.png"},{"@type":"BreadcrumbList","@id":"https:\/\/www.gescosupply.com\/es\/presentacion\/#breadcrumb","itemListElement":[{"@type":"ListItem","position":1,"name":"Home","item":"https:\/\/www.gescosupply.com\/es\/"},{"@type":"ListItem","position":2,"name":"PRESENTACI\u00d3N"}]},{"@type":"WebSite","@id":"https:\/\/www.gescosupply.com\/#website","url":"https:\/\/www.gescosupply.com\/","name":"Gesco","description":"Gesco supply inc","potentialAction":[{"@type":"SearchAction","target":{"@type":"EntryPoint","urlTemplate":"https:\/\/www.gescosupply.com\/?s={search_term_string}"},"query-input":{"@type":"PropertyValueSpecification","valueRequired":true,"valueName":"search_term_string"}}],"inLanguage":"es"}]}},"_links":{"self":[{"href":"https:\/\/www.gescosupply.com\/es\/wp-json\/wp\/v2\/pages\/1053","targetHints":{"allow":["GET"]}}],"collection":[{"href":"https:\/\/www.gescosupply.com\/es\/wp-json\/wp\/v2\/pages"}],"about":[{"href":"https:\/\/www.gescosupply.com\/es\/wp-json\/wp\/v2\/types\/page"}],"author":[{"embeddable":true,"href":"https:\/\/www.gescosupply.com\/es\/wp-json\/wp\/v2\/users\/4"}],"replies":[{"embeddable":true,"href":"https:\/\/www.gescosupply.com\/es\/wp-json\/wp\/v2\/comments?post=1053"}],"version-history":[{"count":0,"href":"https:\/\/www.gescosupply.com\/es\/wp-json\/wp\/v2\/pages\/1053\/revisions"}],"wp:attachment":[{"href":"https:\/\/www.gescosupply.com\/es\/wp-json\/wp\/v2\/media?parent=1053"}],"curies":[{"name":"wp","href":"https:\/\/api.w.org\/{rel}","templated":true}]}}